{"id":14,"date":"2013-02-13T14:45:54","date_gmt":"2013-02-13T12:45:54","guid":{"rendered":"http:\/\/www.singles-60plus.com\/?page_id=14"},"modified":"2015-02-17T16:16:47","modified_gmt":"2015-02-17T14:16:47","slug":"gemeinsame-freizeitgestaltung-fuer-senioren","status":"publish","type":"page","link":"https:\/\/www.singles-60plus.com\/?page_id=14","title":{"rendered":"Gemeinsame Freizeitgestaltung f\u00fcr Senioren"},"content":{"rendered":"<p>Manchmal rei\u00dft das Schicksal einen geliebten Menschen aus unserem Leben. Doch lange nach der Zeit der Trauer versp\u00fcrt man pl\u00f6tzlich wieder die Sehnsucht nach N\u00e4he, Z\u00e4rtlichkeit, gemeinsamer Freizeitgestaltung und sogar nach einer neuen Liebe. Oft sind Menschen vom Lauf des Lebens entt\u00e4uscht, dass sie es nicht wagen, einen Fu\u00df vor die T\u00fcr zu setzen, um dem Gl\u00fcck nachzulaufen. Einsame Herzen \u00fcber 60 sind besonders feinf\u00fchlig und auch misstrauisch. Einerseits m\u00f6chten sie nicht einsam sein, andererseits haben Sie Angst, dem falschen Menschen zu begegnen. Von Partnerschaftsagenturen haben sie zwar schon geh\u00f6rt, doch diesbez\u00fcglich fehlt oft der Mut, sich einem Partnerinstitut anzuvertrauen.<\/p>\n<div id=\"attachment_32\" style=\"width: 635px\" class=\"wp-caption alignnone\"><img aria-describedby=\"caption-attachment-32\" loading=\"lazy\" class=\"wp-image-32 size-large\" src=\"http:\/\/www.singles-60plus.com\/wp-content\/uploads\/2013\/02\/einsamkeit-senioren-witwer-witwe-neue-liebe-freizeitgestaltung-1024x422.jpg\" alt=\"einsamkeit senioren witwer witwe neue liebe freizeitgestaltung\" width=\"625\" height=\"257\" srcset=\"https:\/\/www.singles-60plus.com\/wp-content\/uploads\/2013\/02\/einsamkeit-senioren-witwer-witwe-neue-liebe-freizeitgestaltung-1024x422.jpg 1024w, https:\/\/www.singles-60plus.com\/wp-content\/uploads\/2013\/02\/einsamkeit-senioren-witwer-witwe-neue-liebe-freizeitgestaltung-300x123.jpg 300w, https:\/\/www.singles-60plus.com\/wp-content\/uploads\/2013\/02\/einsamkeit-senioren-witwer-witwe-neue-liebe-freizeitgestaltung-624x257.jpg 624w, https:\/\/www.singles-60plus.com\/wp-content\/uploads\/2013\/02\/einsamkeit-senioren-witwer-witwe-neue-liebe-freizeitgestaltung.jpg 1257w\" sizes=\"(max-width: 625px) 100vw, 625px\" \/><p id=\"caption-attachment-32\" class=\"wp-caption-text\">Allein den Weg des Lebens gehen ist schwer. Suchen Sie sich ein passendes Gegenst\u00fcck und genie\u00dfen wieder die Zeit zu zweit!<\/p><\/div>\n<p>Dabei gibt es diverse Singleb\u00f6rsen f\u00fcr einsame Herzen, die sich ganz besonders liebevoll und kompetent um das Liebesgl\u00fcck der einsamen Generation 60 plus k\u00fcmmern. Nicht alle Partneragenturen sind unseri\u00f6s, viele Partnerinstitute haben Erfahrungen mit Menschen in der goldenen Lebensmitte. Ihr Ziel ist es, diesen Singles ein neues Lebensgl\u00fcck zu schenken, einen Partner, der die Liebe mitbringt. Seri\u00f6se Partnervermittlungen arbeiten mit menschlichem Gesp\u00fcr und Taktgef\u00fchl. Sie bieten eine kostenlose Erstberatung an und sch\u00e4tzen vor allem auch eine pers\u00f6nliche Kontaktaufnahme. Das sind Vorz\u00fcge, die Sie &#8211; wenn Sie \u00fcber eine Kontaktb\u00f6rse nach einem lieben Menschen suchen &#8211; in vollem Umfang erfahren werden. Falls Sie jenseits der Sechzig sind und nach einem neuen Partner oder nach der neuen Liebe suchen, dann vertrauen Sie sich einer kompetenten Partneragentur an, die sich f\u00fcr alleinstehende \u00e4ltere Singles starkmacht. Die Mitarbeiter der Singlekontaktagenturen helfen auch Ihnen, Ihrem Leben wieder einen Sinn zu geben. Viele einsame Menschen haben sich in einer Single-Kontakt-B\u00f6rse kennengelernt. Auch Sie werden Ihr Liebesgl\u00fcck in einem Partnerinstitut finden!<\/p>\n<p>&nbsp;<\/p>\n<h1><span style=\"color: #0000ff;\">M\u00f6glichkeiten, jemand gleichgesinnten zu finden, gibt es einige<\/span><\/h1>\n<p>Sind Sie Single, verwitwet oder vielleicht auch schon Rentner? Sehnen Sie sich nach einem Lebenspartner, nach einem Freizeitpartner, nach der Liebe im Alter? Sie m\u00fcssen nicht verzagen, es ist niemals unm\u00f6glich, dass auch Sie das Gl\u00fcck noch einmal finden. Denn die heutige &#8222;moderne&#8220; Kontaktaufnahme \u00fcber das Internet ist f\u00fcr \u00e4ltere Menschen oftmals mit einer gro\u00dfen Scheu verbunden, obwohl Internetportale eine wunderbare Kommunikationsbasis mit Gleichgesinnten bieten. Sie sollten diesen Aspekt nicht au\u00dfer Acht lassen, ebenso ist es Tatsache, dass sich schon zahlreiche \u00e4ltere Paare in einem Dating-Portal oder einer Singleb\u00f6rse online kennengelernt haben.<br \/>\nSollte Ihnen diese Art der Partnersuche absolut nicht behagen, weil Sie glauben, hintergangen zu werden oder weil Ihnen dies alles zu suspekt bzw. auch zu anonym ist, dann k\u00f6nnen Sie ebenso gut <a href=\"http:\/\/www.senioren-freizeitkontakte.com\/?cat=2\">eine Partnervermittlung<\/a> in Anspruch nehmen.Vielleicht haben Sie bisher noch nie die M\u00f6glichkeit in Betracht gezogen, die Partnersuche f\u00fcr Sie jemanden anderen zu \u00fcberlassen. Partnervermittlungsinstitutionen gibt es ebenfalls sehr viele im gro\u00dfen World Wide Web. Allerdings k\u00f6nnen Sie ebenso die Partneragentur Ihres Vertrauens pers\u00f6nlich aufsuchen. <a href=\"http:\/\/www.reisepartner-rentner.com\/\">Seri\u00f6se Partnervermittlungen<\/a> sch\u00e4tzen den pers\u00f6nlichen Kontakt zu Ihren Singles ohnehin sehr. Denn nur so ist m\u00f6glich, individuelle Vorschl\u00e4ge f\u00fcr die Partnersuche zu unterbreiten und in den Gespr\u00e4chen k\u00f6nnen auch alle Unklarheiten sofort beseitigt und Fragen ebenfalls sogleich beantwortet werden.<\/p>\n<p><strong>Sie sollten immer bedenken, dass Sie nicht der einzige Mensch \u00fcber 60 sind, der sich nach Liebe und Geborgenheit, Herzensw\u00e4rme und Zweisamkeit sehnt. <a href=\"http:\/\/www.single-senioren.com\/?page_id=123\">In der Partnervermittlung finden Sie Ihr Herzblatt!<\/a><\/strong><\/p>\n","protected":false},"excerpt":{"rendered":"<p>Manchmal rei\u00dft das Schicksal einen geliebten Menschen aus unserem Leben. Doch lange nach der Zeit der Trauer versp\u00fcrt man pl\u00f6tzlich wieder die Sehnsucht nach N\u00e4he, Z\u00e4rtlichkeit, gemeinsamer Freizeitgestaltung und sogar nach einer neuen Liebe. Oft sind Menschen vom Lauf des Lebens entt\u00e4uscht, dass sie es nicht wagen, einen Fu\u00df vor die T\u00fcr zu setzen, um [&hellip;]<\/p>\n","protected":false},"author":2,"featured_media":0,"parent":0,"menu_order":0,"comment_status":"closed","ping_status":"closed","template":"","meta":[],"_links":{"self":[{"href":"https:\/\/www.singles-60plus.com\/index.php?rest_route=\/wp\/v2\/pages\/14"}],"collection":[{"href":"https:\/\/www.singles-60plus.com\/index.php?rest_route=\/wp\/v2\/pages"}],"about":[{"href":"https:\/\/www.singles-60plus.com\/index.php?rest_route=\/wp\/v2\/types\/page"}],"author":[{"embeddable":true,"href":"https:\/\/www.singles-60plus.com\/index.php?rest_route=\/wp\/v2\/users\/2"}],"replies":[{"embeddable":true,"href":"https:\/\/www.singles-60plus.com\/index.php?rest_route=%2Fwp%2Fv2%2Fcomments&post=14"}],"version-history":[{"count":7,"href":"https:\/\/www.singles-60plus.com\/index.php?rest_route=\/wp\/v2\/pages\/14\/revisions"}],"predecessor-version":[{"id":41,"href":"https:\/\/www.singles-60plus.com\/index.php?rest_route=\/wp\/v2\/pages\/14\/revisions\/41"}],"wp:attachment":[{"href":"https:\/\/www.singles-60plus.com\/index.php?rest_route=%2Fwp%2Fv2%2Fmedia&parent=14"}],"curies":[{"name":"wp","href":"https:\/\/api.w.org\/{rel}","templated":true}]}}